{"id":407,"date":"2025-01-24T09:51:48","date_gmt":"2025-01-24T12:51:48","guid":{"rendered":"https:\/\/cgmenergia.com.br\/solar2\/?page_id=407"},"modified":"2025-01-28T08:33:39","modified_gmt":"2025-01-28T11:33:39","slug":"simulador","status":"publish","type":"page","link":"https:\/\/cgmenergia.com.br\/solar2\/simulador\/","title":{"rendered":"Simulador"},"content":{"rendered":"\t\t<div data-elementor-type=\"wp-page\" data-elementor-id=\"407\" class=\"elementor elementor-407\" data-elementor-post-type=\"page\">\n\t\t\t\t<div class=\"elementor-element elementor-element-e91da5c e-flex e-con-boxed wpr-particle-no wpr-jarallax-no wpr-parallax-no wpr-sticky-section-no e-con e-parent\" data-id=\"e91da5c\" data-element_type=\"container\">\n\t\t\t\t\t<div class=\"e-con-inner\">\n\t\t\t\t<div class=\"elementor-element elementor-element-46aad84 elementor-widget elementor-widget-heading\" data-id=\"46aad84\" data-element_type=\"widget\" data-widget_type=\"heading.default\">\n\t\t\t\t<div class=\"elementor-widget-container\">\n\t\t\t\t\t<h2 class=\"elementor-heading-title elementor-size-default\">Quer saber quanto voc\u00ea pode<br>economizar na conta de luz?<\/h2>\t\t\t\t<\/div>\n\t\t\t\t<\/div>\n\t\t\t\t\t<\/div>\n\t\t\t\t<\/div>\n\t\t<div class=\"elementor-element elementor-element-94bcd07 e-flex e-con-boxed wpr-particle-no wpr-jarallax-no wpr-parallax-no wpr-sticky-section-no e-con e-parent\" data-id=\"94bcd07\" data-element_type=\"container\">\n\t\t\t\t\t<div class=\"e-con-inner\">\n\t\t\t\t<div class=\"elementor-element elementor-element-3615c26 elementor-widget elementor-widget-heading\" data-id=\"3615c26\" data-element_type=\"widget\" data-widget_type=\"heading.default\">\n\t\t\t\t<div class=\"elementor-widget-container\">\n\t\t\t\t\t<h2 class=\"elementor-heading-title elementor-size-default\">Fa\u00e7a uma simula\u00e7\u00e3o e descubra agora.<\/h2>\t\t\t\t<\/div>\n\t\t\t\t<\/div>\n\t\t\t\t\t<\/div>\n\t\t\t\t<\/div>\n\t\t<div class=\"elementor-element elementor-element-2d63f33 e-flex e-con-boxed wpr-particle-no wpr-jarallax-no wpr-parallax-no wpr-sticky-section-no e-con e-parent\" data-id=\"2d63f33\" data-element_type=\"container\">\n\t\t\t\t\t<div class=\"e-con-inner\">\n\t\t\t\t<div class=\"elementor-element elementor-element-e5f4783 elementor-widget elementor-widget-shortcode\" data-id=\"e5f4783\" data-element_type=\"widget\" data-widget_type=\"shortcode.default\">\n\t\t\t\t<div class=\"elementor-widget-container\">\n\t\t\t\t\t\t\t<div class=\"elementor-shortcode\"><div style=\"text-align:center;\">\n        <button onclick=\"document.getElementById('iframe-container').style.display='block'\">Abrir Simulador<\/button>\n        <div id=\"iframe-container\" style=\"display:none; margin-top: 20px;\">\n            <iframe \n                style=\"border: none; width: 100%; height: 1000px; overflow:hidden;\" \n                width=\"100%\" \n                height=\"1000px\"\n                src=\"https:\/\/simulador.luvik.com.br\/simulador?k=bmFzdWRoaXUxM2hhc2RhczY1NjE1MjczMjA1NDMyMzI\">\n            <\/iframe>\n        <\/div>\n    <\/div><\/div>\n\t\t\t\t\t\t<\/div>\n\t\t\t\t<\/div>\n\t\t\t\t\t<\/div>\n\t\t\t\t<\/div>\n\t\t\t\t<\/div>\n\t\t","protected":false},"excerpt":{"rendered":"<p>Quer saber quanto voc\u00ea podeeconomizar na conta de luz? Fa\u00e7a uma simula\u00e7\u00e3o e descubra agora.<\/p>\n","protected":false},"author":1,"featured_media":0,"parent":0,"menu_order":0,"comment_status":"closed","ping_status":"closed","template":"","meta":{"footnotes":""},"class_list":["post-407","page","type-page","status-publish","hentry"],"_links":{"self":[{"href":"https:\/\/cgmenergia.com.br\/solar2\/wp-json\/wp\/v2\/pages\/407","targetHints":{"allow":["GET"]}}],"collection":[{"href":"https:\/\/cgmenergia.com.br\/solar2\/wp-json\/wp\/v2\/pages"}],"about":[{"href":"https:\/\/cgmenergia.com.br\/solar2\/wp-json\/wp\/v2\/types\/page"}],"author":[{"embeddable":true,"href":"https:\/\/cgmenergia.com.br\/solar2\/wp-json\/wp\/v2\/users\/1"}],"replies":[{"embeddable":true,"href":"https:\/\/cgmenergia.com.br\/solar2\/wp-json\/wp\/v2\/comments?post=407"}],"version-history":[{"count":10,"href":"https:\/\/cgmenergia.com.br\/solar2\/wp-json\/wp\/v2\/pages\/407\/revisions"}],"predecessor-version":[{"id":432,"href":"https:\/\/cgmenergia.com.br\/solar2\/wp-json\/wp\/v2\/pages\/407\/revisions\/432"}],"wp:attachment":[{"href":"https:\/\/cgmenergia.com.br\/solar2\/wp-json\/wp\/v2\/media?parent=407"}],"curies":[{"name":"wp","href":"https:\/\/api.w.org\/{rel}","templated":true}]}}